{"id":4347,"date":"2018-08-14T08:22:18","date_gmt":"2018-08-14T06:22:18","guid":{"rendered":"https:\/\/www.howe-nuernberg.de\/imprint\/"},"modified":"2025-02-05T16:27:01","modified_gmt":"2025-02-05T15:27:01","slug":"imprint","status":"publish","type":"page","link":"https:\/\/www.howe-nuernberg.de\/en\/imprint\/","title":{"rendered":"Imprint"},"content":{"rendered":"<p><strong>Service provider<\/strong><\/p>\n<p>HoWe Wurstwaren KG<br \/>\nRegenstra\u00dfe 1<br \/>\n90451 N\u00fcrnberg<\/p>\n<p>General partner: Sabine St\u00fchler<br \/>\nFull power of attorney: Florian Hoene\u00df<\/p>\n<p>Telephone: +49 (0)911-817 66 60<br \/>\nFax: +49 (0)911-649 22 94<br \/>\nEmail: <span id=\"cloak99721\"><a href=\"mailto:info@howe-nuernberg.de\">info@howe-nuernberg.de<\/a><\/span><\/p>\n<p>Commercial register number: HRA 9568 at N\u00fcrnberg District Court<br \/>\nVAT ID No.: DE 133495145<\/p>\n<p><strong>Copyright protection<\/strong><\/p>\n<p>All rights reserved. The contents of this website, in particular pictures, texts and animation files are protected by copyright. Any use outside the limit of copyright law without the consent of the copyright holder is prohibited. This applies in particular to reproduction, distribution, adaptation, translation and making content publicly available. Through the use of protected trademarks (e.g. trademarks, business names, work titles) no right is granted to use the trademarks.<br \/>\n\u00a9 2010 &#8211; 2018 HoWe Wurstwaren KG<\/p>\n<p><strong>Liability for links<\/strong><\/p>\n<p>As far as the internet presence of HoWe Wurstwaren KG contains links to external content, HoWe Wurstwaren KG does not adopt these external page contents as its own. HoWe Wurstwaren KG does not have any influence on the contents of external websites, does not assume any responsibility for them and explicitly distances itself from them. HoWe Wurstwaren KG has checked the external content for any legal violations when the external links were first linked. At this time, no violations of the law were discernible. HoWe Wurstwaren KG cannot reasonably be expected to permanently monitor the legality of the linked content without concrete evidence of legal violations. Should rights or legal regulations be violated by the third-party content, HoWe Wurstwaren KG will remove the link immediately as soon as it is made aware of the legal violations.<\/p>\n","protected":false},"excerpt":{"rendered":"<p>Service provider HoWe Wurstwaren KG Regenstra\u00dfe 1 90451 N\u00fcrnberg General partner: Sabine St\u00fchler Full power of attorney: Florian Hoene\u00df Telephone: +49 (0)911-817 66 60 Fax: +49 (0)911-649 22 94 Email: info@howe-nuernberg.de Commercial register number: HRA 9568 at N\u00fcrnberg District Court VAT ID No.: DE 133495145 Copyright protection All rights reserved. The contents of this website, [&hellip;]<\/p>\n","protected":false},"author":1,"featured_media":0,"parent":0,"menu_order":70,"comment_status":"closed","ping_status":"closed","template":"template_ohne_rechten_teaser.php","meta":{"_acf_changed":false,"pgc_meta":"","footnotes":""},"class_list":["post-4347","page","type-page","status-publish","hentry"],"acf":[],"pgc_meta":"","_links":{"self":[{"href":"https:\/\/www.howe-nuernberg.de\/en\/wp-json\/wp\/v2\/pages\/4347","targetHints":{"allow":["GET"]}}],"collection":[{"href":"https:\/\/www.howe-nuernberg.de\/en\/wp-json\/wp\/v2\/pages"}],"about":[{"href":"https:\/\/www.howe-nuernberg.de\/en\/wp-json\/wp\/v2\/types\/page"}],"author":[{"embeddable":true,"href":"https:\/\/www.howe-nuernberg.de\/en\/wp-json\/wp\/v2\/users\/1"}],"replies":[{"embeddable":true,"href":"https:\/\/www.howe-nuernberg.de\/en\/wp-json\/wp\/v2\/comments?post=4347"}],"version-history":[{"count":1,"href":"https:\/\/www.howe-nuernberg.de\/en\/wp-json\/wp\/v2\/pages\/4347\/revisions"}],"predecessor-version":[{"id":4616,"href":"https:\/\/www.howe-nuernberg.de\/en\/wp-json\/wp\/v2\/pages\/4347\/revisions\/4616"}],"wp:attachment":[{"href":"https:\/\/www.howe-nuernberg.de\/en\/wp-json\/wp\/v2\/media?parent=4347"}],"curies":[{"name":"wp","href":"https:\/\/api.w.org\/{rel}","templated":true}]}}