{"id":4359,"date":"2018-08-14T08:46:50","date_gmt":"2018-08-14T06:46:50","guid":{"rendered":"https:\/\/www.howe-nuernberg.de\/bistro-am-werk\/"},"modified":"2025-02-05T17:31:56","modified_gmt":"2025-02-05T16:31:56","slug":"bistro-am-werk","status":"publish","type":"page","link":"https:\/\/www.howe-nuernberg.de\/en\/local-selling-bistro\/bistro-am-werk\/","title":{"rendered":"Bistro am Werk"},"content":{"rendered":"<p><strong>Our bistro is back with a complete offer, we are there for you from Mo &#8211; Fr from 9:00 to 16:30.<\/strong><\/p>\n<p>&nbsp;<\/p>\n<h3>Takeaway food and drinks &#8211; without disposable waste<\/h3>\n<p><img loading=\"lazy\" decoding=\"async\" class=\"alignnone size-full wp-image-3346\" src=\"https:\/\/www.howe-nuernberg.de\/wp-content\/uploads\/2023\/07\/RECUPxREBOWL_2-scaled.jpg\" alt=\"\" width=\"2560\" height=\"1707\" srcset=\"https:\/\/www.howe-nuernberg.de\/wp-content\/uploads\/2023\/07\/RECUPxREBOWL_2-scaled.jpg 2560w, https:\/\/www.howe-nuernberg.de\/wp-content\/uploads\/2023\/07\/RECUPxREBOWL_2-300x200.jpg 300w, https:\/\/www.howe-nuernberg.de\/wp-content\/uploads\/2023\/07\/RECUPxREBOWL_2-1024x683.jpg 1024w, https:\/\/www.howe-nuernberg.de\/wp-content\/uploads\/2023\/07\/RECUPxREBOWL_2-768x512.jpg 768w, https:\/\/www.howe-nuernberg.de\/wp-content\/uploads\/2023\/07\/RECUPxREBOWL_2-1536x1024.jpg 1536w, https:\/\/www.howe-nuernberg.de\/wp-content\/uploads\/2023\/07\/RECUPxREBOWL_2-2048x1365.jpg 2048w\" sizes=\"auto, (max-width: 2560px) 100vw, 2560px\" \/><\/p>\n<p>Fiery shashlik, hearty bratwurst or juicy steak &#8211; look forward to HoWe`s crispy grilled delicacies!<\/p>\n<p>Our products come from our own production as well as from the HoWe factory outlet. Long-standing partners like Neumarkter Lammsbr\u00e4u, R\u00f6sttrommel and Wei\u00df Genusswerkstatt &amp; Catering complete our assortment with high-quality products.<\/p>\n<p>&nbsp;<\/p>\n<p><strong>OPENING HOURS<\/strong><\/p>\n<p>Our bistro is open for you.<\/p>\n<p>Monday &#8211; Friday, from 09.00 to 16.30 hrs<\/p>\n<p>&nbsp;<\/p>\n<p><strong>DIRECTION<\/strong><\/p>\n<p>HoWe Wurstwaren KG<br \/>\nRegenstra\u00dfe 1<br \/>\n90451 N\u00fcrnberg<br \/>\nCompany grounds, Entry Donaustra\u00dfe<\/p>\n<p>&nbsp;<\/p>\n<p><strong>PARKING<\/strong><\/p>\n<p>Sufficient parking spaces are available on the company premises for the factory outlet<\/p>\n<a href=\"https:\/\/www.howe-nuernberg.de\/wp-content\/uploads\/2024\/01\/HOWE_BistroamWerk_AufstellerA1_2023_P4_LM.pdf\" class=\"pdfemb-viewer\" style=\"\" data-width=\"max\" data-height=\"max\" data-toolbar=\"bottom\" data-toolbar-fixed=\"off\">HOWE_BistroamWerk_AufstellerA1_2023_P4_LM<\/a>\n","protected":false},"excerpt":{"rendered":"<p>Our bistro is back with a complete offer, we are there for you from Mo &#8211; Fr from 9:00 to 16:30. &nbsp; Takeaway food and drinks &#8211; without disposable waste Fiery shashlik, hearty bratwurst or juicy steak &#8211; look forward to HoWe`s crispy grilled delicacies! Our products come from our own production as well as [&hellip;]<\/p>\n","protected":false},"author":1,"featured_media":0,"parent":4343,"menu_order":10,"comment_status":"closed","ping_status":"closed","template":"template_mit_rechten_teaser.php","meta":{"_acf_changed":false,"pgc_meta":"","footnotes":""},"class_list":["post-4359","page","type-page","status-publish","hentry"],"acf":[],"pgc_meta":"","_links":{"self":[{"href":"https:\/\/www.howe-nuernberg.de\/en\/wp-json\/wp\/v2\/pages\/4359","targetHints":{"allow":["GET"]}}],"collection":[{"href":"https:\/\/www.howe-nuernberg.de\/en\/wp-json\/wp\/v2\/pages"}],"about":[{"href":"https:\/\/www.howe-nuernberg.de\/en\/wp-json\/wp\/v2\/types\/page"}],"author":[{"embeddable":true,"href":"https:\/\/www.howe-nuernberg.de\/en\/wp-json\/wp\/v2\/users\/1"}],"replies":[{"embeddable":true,"href":"https:\/\/www.howe-nuernberg.de\/en\/wp-json\/wp\/v2\/comments?post=4359"}],"version-history":[{"count":1,"href":"https:\/\/www.howe-nuernberg.de\/en\/wp-json\/wp\/v2\/pages\/4359\/revisions"}],"predecessor-version":[{"id":4622,"href":"https:\/\/www.howe-nuernberg.de\/en\/wp-json\/wp\/v2\/pages\/4359\/revisions\/4622"}],"up":[{"embeddable":true,"href":"https:\/\/www.howe-nuernberg.de\/en\/wp-json\/wp\/v2\/pages\/4343"}],"wp:attachment":[{"href":"https:\/\/www.howe-nuernberg.de\/en\/wp-json\/wp\/v2\/media?parent=4359"}],"curies":[{"name":"wp","href":"https:\/\/api.w.org\/{rel}","templated":true}]}}